{"id":980,"date":"2022-01-27T13:51:38","date_gmt":"2022-01-27T12:51:38","guid":{"rendered":"https:\/\/malherbe.law\/?page_id=980"},"modified":"2025-07-04T10:04:15","modified_gmt":"2025-07-04T08:04:15","slug":"philippe-malherbe-en","status":"publish","type":"page","link":"https:\/\/malherbe.law\/index.php\/en\/philippe-malherbe-en\/","title":{"rendered":"Philippe Malherbe"},"content":{"rendered":"\t\t<div data-elementor-type=\"wp-page\" data-elementor-id=\"980\" class=\"elementor elementor-980\">\n\t\t\t\t\t\t<div class=\"elementor-inner\">\n\t\t\t\t<div class=\"elementor-section-wrap\">\n\t\t\t\t\t\t\t\t\t<section class=\"elementor-section elementor-top-section elementor-element elementor-element-263573ee elementor-section-boxed elementor-section-height-default elementor-section-height-default\" data-id=\"263573ee\" data-element_type=\"section\">\n\t\t\t\t\t\t<div class=\"elementor-container elementor-column-gap-default\">\n\t\t\t\t\t\t\t<div class=\"elementor-row\">\n\t\t\t\t\t<div class=\"elementor-column elementor-col-50 elementor-top-column elementor-element elementor-element-65448116\" data-id=\"65448116\" data-element_type=\"column\">\n\t\t\t<div class=\"elementor-column-wrap elementor-element-populated\">\n\t\t\t\t\t\t\t<div class=\"elementor-widget-wrap\">\n\t\t\t\t\t\t<div class=\"elementor-element elementor-element-16843c3e elementor-widget elementor-widget-image\" data-id=\"16843c3e\" data-element_type=\"widget\" data-widget_type=\"image.default\">\n\t\t\t\t<div class=\"elementor-widget-container\">\n\t\t\t\t\t\t\t\t<div class=\"elementor-image\">\n\t\t\t\t\t\t\t\t\t\t\t\t<img width=\"1022\" height=\"1536\" src=\"https:\/\/malherbe.law\/wp-content\/uploads\/2023\/12\/PHM-2-1022x1536.jpg\" class=\"attachment-1536x1536 size-1536x1536\" alt=\"\" loading=\"lazy\" srcset=\"https:\/\/malherbe.law\/wp-content\/uploads\/2023\/12\/PHM-2-1022x1536.jpg 1022w, https:\/\/malherbe.law\/wp-content\/uploads\/2023\/12\/PHM-2-200x300.jpg 200w, https:\/\/malherbe.law\/wp-content\/uploads\/2023\/12\/PHM-2-681x1024.jpg 681w, https:\/\/malherbe.law\/wp-content\/uploads\/2023\/12\/PHM-2-768x1154.jpg 768w, https:\/\/malherbe.law\/wp-content\/uploads\/2023\/12\/PHM-2-1363x2048.jpg 1363w, https:\/\/malherbe.law\/wp-content\/uploads\/2023\/12\/PHM-2-scaled.jpg 1703w\" sizes=\"(max-width: 1022px) 100vw, 1022px\" \/>\t\t\t\t\t\t\t\t\t\t\t\t\t\t<\/div>\n\t\t\t\t\t\t<\/div>\n\t\t\t\t<\/div>\n\t\t\t\t\t\t<\/div>\n\t\t\t\t\t<\/div>\n\t\t<\/div>\n\t\t\t\t<div class=\"elementor-column elementor-col-50 elementor-top-column elementor-element elementor-element-36fda675\" data-id=\"36fda675\" data-element_type=\"column\">\n\t\t\t<div class=\"elementor-column-wrap elementor-element-populated\">\n\t\t\t\t\t\t\t<div class=\"elementor-widget-wrap\">\n\t\t\t\t\t\t<div class=\"elementor-element elementor-element-50f1c7d elementor-widget elementor-widget-heading\" data-id=\"50f1c7d\" data-element_type=\"widget\" data-widget_type=\"heading.default\">\n\t\t\t\t<div class=\"elementor-widget-container\">\n\t\t\t<h3 class=\"elementor-heading-title elementor-size-default\">Philippe Malherbe<\/h3>\t\t<\/div>\n\t\t\t\t<\/div>\n\t\t\t\t<div class=\"elementor-element elementor-element-e32e579 elementor-widget elementor-widget-text-editor\" data-id=\"e32e579\" data-element_type=\"widget\" data-widget_type=\"text-editor.default\">\n\t\t\t\t<div class=\"elementor-widget-container\">\n\t\t\t\t\t\t\t\t<div class=\"elementor-text-editor elementor-clearfix\">\n\t\t\t\t<p><strong>Founding Partner&nbsp;<\/strong><\/p>\n<p><\/p>\n<p>Member of the Brussels Bar<\/p>\n<p>LL.M., University of California Berkeley<\/p>\n<p>Lic.Ec.Sc., Universit\u00e9 catholique de Louvain<\/p>\n<p>Professor at the Universit\u00e9 catholique de Louvain<\/p>\n<p>Visiting Professor at the Universit\u00e9 Paris-Est Cr\u00e9teil<\/p>\n<p>External Examiner, King\u2019s College London<\/p>\n<p><\/p>\t\t\t\t\t<\/div>\n\t\t\t\t\t\t<\/div>\n\t\t\t\t<\/div>\n\t\t\t\t<section class=\"elementor-section elementor-inner-section elementor-element elementor-element-587ae068 elementor-section-height-min-height elementor-section-boxed elementor-section-height-default\" data-id=\"587ae068\" data-element_type=\"section\">\n\t\t\t\t\t\t<div class=\"elementor-container elementor-column-gap-default\">\n\t\t\t\t\t\t\t<div class=\"elementor-row\">\n\t\t\t\t\t<div class=\"elementor-column elementor-col-100 elementor-inner-column elementor-element elementor-element-4046db05\" data-id=\"4046db05\" data-element_type=\"column\" data-settings=\"{&quot;background_background&quot;:&quot;classic&quot;}\">\n\t\t\t<div class=\"elementor-column-wrap elementor-element-populated\">\n\t\t\t\t\t\t\t<div class=\"elementor-widget-wrap\">\n\t\t\t\t\t\t<div class=\"elementor-element elementor-element-9539bdf elementor-tablet-align-center elementor-mobile-align-left elementor-icon-list--layout-traditional elementor-list-item-link-full_width elementor-widget elementor-widget-icon-list\" data-id=\"9539bdf\" data-element_type=\"widget\" data-widget_type=\"icon-list.default\">\n\t\t\t\t<div class=\"elementor-widget-container\">\n\t\t\t\t\t<ul class=\"elementor-icon-list-items\">\n\t\t\t\t\t\t\t<li class=\"elementor-icon-list-item\">\n\t\t\t\t\t\t\t\t\t\t\t<a href=\"mailto:pmalherbe@malherbe.law\" target=\"_blank\">\n\n\t\t\t\t\t\t\t\t\t\t\t\t<span class=\"elementor-icon-list-icon\">\n\t\t\t\t\t\t\t<i aria-hidden=\"true\" class=\"fas fa-envelope\"><\/i>\t\t\t\t\t\t<\/span>\n\t\t\t\t\t\t\t\t\t\t<span class=\"elementor-icon-list-text\">pmalherbe@malherbe.law<\/span>\n\t\t\t\t\t\t\t\t\t\t\t<\/a>\n\t\t\t\t\t\t\t\t\t<\/li>\n\t\t\t\t\t\t\t\t<li class=\"elementor-icon-list-item\">\n\t\t\t\t\t\t\t\t\t\t\t<a href=\"tel:%20+32%20(0)%202%20535%2077%2096\">\n\n\t\t\t\t\t\t\t\t\t\t\t\t<span class=\"elementor-icon-list-icon\">\n\t\t\t\t\t\t\t<i aria-hidden=\"true\" class=\"fas fa-phone-alt\"><\/i>\t\t\t\t\t\t<\/span>\n\t\t\t\t\t\t\t\t\t\t<span class=\"elementor-icon-list-text\">+32 (0) 2 535 77 96<\/span>\n\t\t\t\t\t\t\t\t\t\t\t<\/a>\n\t\t\t\t\t\t\t\t\t<\/li>\n\t\t\t\t\t\t\t\t<li class=\"elementor-icon-list-item\">\n\t\t\t\t\t\t\t\t\t\t\t<a href=\"tel:%20+32%20(0)%20475%2045%2069%2031\">\n\n\t\t\t\t\t\t\t\t\t\t\t\t<span class=\"elementor-icon-list-icon\">\n\t\t\t\t\t\t\t<i aria-hidden=\"true\" class=\"fas fa-mobile-alt\"><\/i>\t\t\t\t\t\t<\/span>\n\t\t\t\t\t\t\t\t\t\t<span class=\"elementor-icon-list-text\">+32 (0) 475 45 69 31<\/span>\n\t\t\t\t\t\t\t\t\t\t\t<\/a>\n\t\t\t\t\t\t\t\t\t<\/li>\n\t\t\t\t\t\t\t\t<li class=\"elementor-icon-list-item\">\n\t\t\t\t\t\t\t\t\t\t\t<a href=\"https:\/\/www.linkedin.com\/in\/philippe-malherbe-42678b78\/\" target=\"_blank\">\n\n\t\t\t\t\t\t\t\t\t\t\t\t<span class=\"elementor-icon-list-icon\">\n\t\t\t\t\t\t\t<i aria-hidden=\"true\" class=\"fab fa-linkedin\"><\/i>\t\t\t\t\t\t<\/span>\n\t\t\t\t\t\t\t\t\t\t<span class=\"elementor-icon-list-text\">LinkedIn<\/span>\n\t\t\t\t\t\t\t\t\t\t\t<\/a>\n\t\t\t\t\t\t\t\t\t<\/li>\n\t\t\t\t\t\t\t\t<li class=\"elementor-icon-list-item\">\n\t\t\t\t\t\t\t\t\t\t\t<a href=\"https:\/\/malherbe.law\/index.php\/en\/publications-philippes-malherbe\/\" target=\"_blank\">\n\n\t\t\t\t\t\t\t\t\t\t\t\t<span class=\"elementor-icon-list-icon\">\n\t\t\t\t\t\t\t<i aria-hidden=\"true\" class=\"fas fa-book-reader\"><\/i>\t\t\t\t\t\t<\/span>\n\t\t\t\t\t\t\t\t\t\t<span class=\"elementor-icon-list-text\">Publications<\/span>\n\t\t\t\t\t\t\t\t\t\t\t<\/a>\n\t\t\t\t\t\t\t\t\t<\/li>\n\t\t\t\t\t\t<\/ul>\n\t\t\t\t<\/div>\n\t\t\t\t<\/div>\n\t\t\t\t\t\t<\/div>\n\t\t\t\t\t<\/div>\n\t\t<\/div>\n\t\t\t\t\t\t\t\t<\/div>\n\t\t\t\t\t<\/div>\n\t\t<\/section>\n\t\t\t\t\t\t<\/div>\n\t\t\t\t\t<\/div>\n\t\t<\/div>\n\t\t\t\t\t\t\t\t<\/div>\n\t\t\t\t\t<\/div>\n\t\t<\/section>\n\t\t\t\t<section class=\"elementor-section elementor-top-section elementor-element elementor-element-fe9dc8f elementor-section-boxed elementor-section-height-default elementor-section-height-default\" data-id=\"fe9dc8f\" data-element_type=\"section\">\n\t\t\t\t\t\t<div class=\"elementor-container elementor-column-gap-default\">\n\t\t\t\t\t\t\t<div class=\"elementor-row\">\n\t\t\t\t\t<div class=\"elementor-column elementor-col-50 elementor-top-column elementor-element elementor-element-1fa9f84\" data-id=\"1fa9f84\" data-element_type=\"column\">\n\t\t\t<div class=\"elementor-column-wrap\">\n\t\t\t\t\t\t\t<div class=\"elementor-widget-wrap\">\n\t\t\t\t\t\t\t\t<\/div>\n\t\t\t\t\t<\/div>\n\t\t<\/div>\n\t\t\t\t<div class=\"elementor-column elementor-col-50 elementor-top-column elementor-element elementor-element-9f3552f\" data-id=\"9f3552f\" data-element_type=\"column\">\n\t\t\t<div class=\"elementor-column-wrap elementor-element-populated\">\n\t\t\t\t\t\t\t<div class=\"elementor-widget-wrap\">\n\t\t\t\t\t\t<section class=\"elementor-section elementor-inner-section elementor-element elementor-element-2d77c15 elementor-section-boxed elementor-section-height-default elementor-section-height-default\" data-id=\"2d77c15\" data-element_type=\"section\">\n\t\t\t\t\t\t<div class=\"elementor-container elementor-column-gap-default\">\n\t\t\t\t\t\t\t<div class=\"elementor-row\">\n\t\t\t\t\t<div class=\"elementor-column elementor-col-100 elementor-inner-column elementor-element elementor-element-f517688\" data-id=\"f517688\" data-element_type=\"column\" data-settings=\"{&quot;background_background&quot;:&quot;classic&quot;}\">\n\t\t\t<div class=\"elementor-column-wrap elementor-element-populated\">\n\t\t\t\t\t\t\t<div class=\"elementor-widget-wrap\">\n\t\t\t\t\t\t<div class=\"elementor-element elementor-element-7650175 elementor-widget elementor-widget-text-editor\" data-id=\"7650175\" data-element_type=\"widget\" data-widget_type=\"text-editor.default\">\n\t\t\t\t<div class=\"elementor-widget-container\">\n\t\t\t\t\t\t\t\t<div class=\"elementor-text-editor elementor-clearfix\">\n\t\t\t\t<p><\/p>\n<p><br><\/p>\n<p><br><\/p>\n<p>Philippe Malherbe, founder of the malherbe association, offers businesses, family groups and individuals more than 40 years&rsquo; experience in business and tax law.<\/p><p><br><\/p><p>After many years as an associate and then partner in a leading law firm, he founded the malherbe association in 2017, with the aim of offering his clients high value-added support based on legal rigour, independence and proximity, and his partners and associates a demanding and fulfilling working environment.<\/p><p><br><\/p><p>His practice covers the full range of business law, with recognised expertise in corporate and tax law. He regularly advises on and litigates complex cases, including corporate reorganisations, mergers and acquisitions, shareholders&rsquo; agreements and disputes, asset structuring and tax issues.<\/p><p><br><\/p><p>He holds a law degree from the Universit\u00e9 catholique de Louvain (magna cum laude, 1977) and a degree in economics from the same university (magna cum laude, 1976), as well as an LL.M. from the University of California, Berkeley.<\/p><p><br><\/p><p>Alongside his career as a lawyer, Philippe Malherbe has held a number of teaching posts. He is an honorary professor at the Universit\u00e9 catholique de Louvain, a visiting professor at the Universit\u00e9 Paris-Est Cr\u00e9teil, and was an external examiner at King&rsquo;s College London for a maximum of five years.<\/p><p><br><\/p><p>He is the author of Introduction to International Income Taxation, co-author of the Pr\u00e9cis de Droit des Soci\u00e9t\u00e9s, and author or co-author of numerous publications on tax and company law. He actively contributes to doctrinal reflection and the development of practice in these areas.<\/p><p><br><\/p><p>He speaks French, Dutch and English, and reads German, Spanish, Italian, Swedish and Modern Greek, as well as Latin and Ancient Greek.<\/p>\n<p><br><\/p>\n<p><br><\/p>\n<p><\/p>\t\t\t\t\t<\/div>\n\t\t\t\t\t\t<\/div>\n\t\t\t\t<\/div>\n\t\t\t\t\t\t<\/div>\n\t\t\t\t\t<\/div>\n\t\t<\/div>\n\t\t\t\t\t\t\t\t<\/div>\n\t\t\t\t\t<\/div>\n\t\t<\/section>\n\t\t\t\t\t\t<\/div>\n\t\t\t\t\t<\/div>\n\t\t<\/div>\n\t\t\t\t\t\t\t\t<\/div>\n\t\t\t\t\t<\/div>\n\t\t<\/section>\n\t\t\t\t<section class=\"elementor-section elementor-top-section elementor-element elementor-element-8ea043c elementor-section-boxed elementor-section-height-default elementor-section-height-default\" data-id=\"8ea043c\" data-element_type=\"section\">\n\t\t\t\t\t\t<div class=\"elementor-container elementor-column-gap-default\">\n\t\t\t\t\t\t\t<div class=\"elementor-row\">\n\t\t\t\t\t<div class=\"elementor-column elementor-col-100 elementor-top-column elementor-element elementor-element-464147a\" data-id=\"464147a\" data-element_type=\"column\">\n\t\t\t<div class=\"elementor-column-wrap elementor-element-populated\">\n\t\t\t\t\t\t\t<div class=\"elementor-widget-wrap\">\n\t\t\t\t\t\t<div class=\"elementor-element elementor-element-c157641 elementor-widget elementor-widget-spacer\" data-id=\"c157641\" data-element_type=\"widget\" data-widget_type=\"spacer.default\">\n\t\t\t\t<div class=\"elementor-widget-container\">\n\t\t\t\t\t<div class=\"elementor-spacer\">\n\t\t\t<div class=\"elementor-spacer-inner\"><\/div>\n\t\t<\/div>\n\t\t\t\t<\/div>\n\t\t\t\t<\/div>\n\t\t\t\t\t\t<\/div>\n\t\t\t\t\t<\/div>\n\t\t<\/div>\n\t\t\t\t\t\t\t\t<\/div>\n\t\t\t\t\t<\/div>\n\t\t<\/section>\n\t\t\t\t\t\t\t\t\t<\/div>\n\t\t\t<\/div>\n\t\t\t\t\t<\/div>\n\t\t","protected":false},"excerpt":{"rendered":"<p>Philippe Malherbe Founding Partner&nbsp; Member of the Brussels Bar LL.M., University of California Berkeley Lic.Ec.Sc., Universit\u00e9 catholique de Louvain Professor at the Universit\u00e9 catholique de Louvain Visiting Professor at the Universit\u00e9 Paris-Est Cr\u00e9teil External Examiner, King\u2019s College London pmalherbe@malherbe.law +32 (0) 2 535 77 96 +32 (0) 475 45 69 31 LinkedIn Publications Philippe Malherbe, [&hellip;]<\/p>\n","protected":false},"author":1,"featured_media":0,"parent":0,"menu_order":0,"comment_status":"closed","ping_status":"closed","template":"","meta":{"inline_featured_image":false},"_links":{"self":[{"href":"https:\/\/malherbe.law\/index.php\/wp-json\/wp\/v2\/pages\/980"}],"collection":[{"href":"https:\/\/malherbe.law\/index.php\/wp-json\/wp\/v2\/pages"}],"about":[{"href":"https:\/\/malherbe.law\/index.php\/wp-json\/wp\/v2\/types\/page"}],"author":[{"embeddable":true,"href":"https:\/\/malherbe.law\/index.php\/wp-json\/wp\/v2\/users\/1"}],"replies":[{"embeddable":true,"href":"https:\/\/malherbe.law\/index.php\/wp-json\/wp\/v2\/comments?post=980"}],"version-history":[{"count":94,"href":"https:\/\/malherbe.law\/index.php\/wp-json\/wp\/v2\/pages\/980\/revisions"}],"predecessor-version":[{"id":5335,"href":"https:\/\/malherbe.law\/index.php\/wp-json\/wp\/v2\/pages\/980\/revisions\/5335"}],"wp:attachment":[{"href":"https:\/\/malherbe.law\/index.php\/wp-json\/wp\/v2\/media?parent=980"}],"curies":[{"name":"wp","href":"https:\/\/api.w.org\/{rel}","templated":true}]}}