{"id":4404,"date":"2023-12-29T14:17:29","date_gmt":"2023-12-29T13:17:29","guid":{"rendered":"https:\/\/malherbe.law\/?page_id=4404"},"modified":"2025-07-04T10:07:11","modified_gmt":"2025-07-04T08:07:11","slug":"christophe-goossens-fr","status":"publish","type":"page","link":"https:\/\/malherbe.law\/index.php\/christophe-goossens-fr\/","title":{"rendered":"Christophe Goossens"},"content":{"rendered":"\t\t<div data-elementor-type=\"wp-page\" data-elementor-id=\"4404\" class=\"elementor elementor-4404\">\n\t\t\t\t\t\t<div class=\"elementor-inner\">\n\t\t\t\t<div class=\"elementor-section-wrap\">\n\t\t\t\t\t\t\t\t\t<section class=\"elementor-section elementor-top-section elementor-element elementor-element-263573ee elementor-section-boxed elementor-section-height-default elementor-section-height-default\" data-id=\"263573ee\" data-element_type=\"section\">\n\t\t\t\t\t\t<div class=\"elementor-container elementor-column-gap-default\">\n\t\t\t\t\t\t\t<div class=\"elementor-row\">\n\t\t\t\t\t<div class=\"elementor-column elementor-col-50 elementor-top-column elementor-element elementor-element-65448116\" data-id=\"65448116\" data-element_type=\"column\">\n\t\t\t<div class=\"elementor-column-wrap elementor-element-populated\">\n\t\t\t\t\t\t\t<div class=\"elementor-widget-wrap\">\n\t\t\t\t\t\t<div class=\"elementor-element elementor-element-16843c3e elementor-widget elementor-widget-image\" data-id=\"16843c3e\" data-element_type=\"widget\" data-widget_type=\"image.default\">\n\t\t\t\t<div class=\"elementor-widget-container\">\n\t\t\t\t\t\t\t\t<div class=\"elementor-image\">\n\t\t\t\t\t\t\t\t\t\t\t\t<img width=\"1023\" height=\"1536\" src=\"https:\/\/malherbe.law\/wp-content\/uploads\/2024\/01\/Christophe-G2-1023x1536.jpg\" class=\"attachment-1536x1536 size-1536x1536\" alt=\"\" loading=\"lazy\" srcset=\"https:\/\/malherbe.law\/wp-content\/uploads\/2024\/01\/Christophe-G2-1023x1536.jpg 1023w, https:\/\/malherbe.law\/wp-content\/uploads\/2024\/01\/Christophe-G2-200x300.jpg 200w, https:\/\/malherbe.law\/wp-content\/uploads\/2024\/01\/Christophe-G2-682x1024.jpg 682w, https:\/\/malherbe.law\/wp-content\/uploads\/2024\/01\/Christophe-G2-768x1153.jpg 768w, https:\/\/malherbe.law\/wp-content\/uploads\/2024\/01\/Christophe-G2-1364x2048.jpg 1364w, https:\/\/malherbe.law\/wp-content\/uploads\/2024\/01\/Christophe-G2-scaled.jpg 1705w\" sizes=\"(max-width: 1023px) 100vw, 1023px\" \/>\t\t\t\t\t\t\t\t\t\t\t\t\t\t<\/div>\n\t\t\t\t\t\t<\/div>\n\t\t\t\t<\/div>\n\t\t\t\t\t\t<\/div>\n\t\t\t\t\t<\/div>\n\t\t<\/div>\n\t\t\t\t<div class=\"elementor-column elementor-col-50 elementor-top-column elementor-element elementor-element-36fda675\" data-id=\"36fda675\" data-element_type=\"column\">\n\t\t\t<div class=\"elementor-column-wrap elementor-element-populated\">\n\t\t\t\t\t\t\t<div class=\"elementor-widget-wrap\">\n\t\t\t\t\t\t<div class=\"elementor-element elementor-element-50f1c7d elementor-widget elementor-widget-heading\" data-id=\"50f1c7d\" data-element_type=\"widget\" data-widget_type=\"heading.default\">\n\t\t\t\t<div class=\"elementor-widget-container\">\n\t\t\t<h3 class=\"elementor-heading-title elementor-size-default\">Christophe Goossens<\/h3>\t\t<\/div>\n\t\t\t\t<\/div>\n\t\t\t\t<div class=\"elementor-element elementor-element-e32e579 elementor-widget elementor-widget-text-editor\" data-id=\"e32e579\" data-element_type=\"widget\" data-widget_type=\"text-editor.default\">\n\t\t\t\t<div class=\"elementor-widget-container\">\n\t\t\t\t\t\t\t\t<div class=\"elementor-text-editor elementor-clearfix\">\n\t\t\t\t<p><strong>Partner<\/strong><\/p><p>Dipl\u00f4me sp\u00e9cial en droit fiscal Universit\u00e9 Libre de Bruxelles<\/p>\t\t\t\t\t<\/div>\n\t\t\t\t\t\t<\/div>\n\t\t\t\t<\/div>\n\t\t\t\t<section class=\"elementor-section elementor-inner-section elementor-element elementor-element-587ae068 elementor-section-height-min-height elementor-section-boxed elementor-section-height-default\" data-id=\"587ae068\" data-element_type=\"section\">\n\t\t\t\t\t\t<div class=\"elementor-container elementor-column-gap-default\">\n\t\t\t\t\t\t\t<div class=\"elementor-row\">\n\t\t\t\t\t<div class=\"elementor-column elementor-col-100 elementor-inner-column elementor-element elementor-element-4046db05\" data-id=\"4046db05\" data-element_type=\"column\" data-settings=\"{&quot;background_background&quot;:&quot;classic&quot;}\">\n\t\t\t<div class=\"elementor-column-wrap elementor-element-populated\">\n\t\t\t\t\t\t\t<div class=\"elementor-widget-wrap\">\n\t\t\t\t\t\t<div class=\"elementor-element elementor-element-9539bdf elementor-tablet-align-center elementor-mobile-align-left elementor-icon-list--layout-traditional elementor-list-item-link-full_width elementor-widget elementor-widget-icon-list\" data-id=\"9539bdf\" data-element_type=\"widget\" data-widget_type=\"icon-list.default\">\n\t\t\t\t<div class=\"elementor-widget-container\">\n\t\t\t\t\t<ul class=\"elementor-icon-list-items\">\n\t\t\t\t\t\t\t<li class=\"elementor-icon-list-item\">\n\t\t\t\t\t\t\t\t\t\t\t<a href=\"mailto:christophe.goossens@malherbe.law\" target=\"_blank\">\n\n\t\t\t\t\t\t\t\t\t\t\t\t<span class=\"elementor-icon-list-icon\">\n\t\t\t\t\t\t\t<i aria-hidden=\"true\" class=\"fas fa-envelope\"><\/i>\t\t\t\t\t\t<\/span>\n\t\t\t\t\t\t\t\t\t\t<span class=\"elementor-icon-list-text\">christophe.goossens@malherbe.law<\/span>\n\t\t\t\t\t\t\t\t\t\t\t<\/a>\n\t\t\t\t\t\t\t\t\t<\/li>\n\t\t\t\t\t\t\t\t<li class=\"elementor-icon-list-item\">\n\t\t\t\t\t\t\t\t\t\t\t<a href=\"tel:%20+32%20(0)%202%20535%2077%2070\">\n\n\t\t\t\t\t\t\t\t\t\t\t\t<span class=\"elementor-icon-list-icon\">\n\t\t\t\t\t\t\t<i aria-hidden=\"true\" class=\"fas fa-phone-alt\"><\/i>\t\t\t\t\t\t<\/span>\n\t\t\t\t\t\t\t\t\t\t<span class=\"elementor-icon-list-text\">+32 (0) 2 535 77 70<\/span>\n\t\t\t\t\t\t\t\t\t\t\t<\/a>\n\t\t\t\t\t\t\t\t\t<\/li>\n\t\t\t\t\t\t\t\t<li class=\"elementor-icon-list-item\">\n\t\t\t\t\t\t\t\t\t\t\t<a href=\"https:\/\/www.linkedin.com\/in\/christophe-goossens-1b70327\/\" target=\"_blank\">\n\n\t\t\t\t\t\t\t\t\t\t\t\t<span class=\"elementor-icon-list-icon\">\n\t\t\t\t\t\t\t<i aria-hidden=\"true\" class=\"fab fa-linkedin\"><\/i>\t\t\t\t\t\t<\/span>\n\t\t\t\t\t\t\t\t\t\t<span class=\"elementor-icon-list-text\">LinkedIn<\/span>\n\t\t\t\t\t\t\t\t\t\t\t<\/a>\n\t\t\t\t\t\t\t\t\t<\/li>\n\t\t\t\t\t\t<\/ul>\n\t\t\t\t<\/div>\n\t\t\t\t<\/div>\n\t\t\t\t\t\t<\/div>\n\t\t\t\t\t<\/div>\n\t\t<\/div>\n\t\t\t\t\t\t\t\t<\/div>\n\t\t\t\t\t<\/div>\n\t\t<\/section>\n\t\t\t\t\t\t<\/div>\n\t\t\t\t\t<\/div>\n\t\t<\/div>\n\t\t\t\t\t\t\t\t<\/div>\n\t\t\t\t\t<\/div>\n\t\t<\/section>\n\t\t\t\t<section class=\"elementor-section elementor-top-section elementor-element elementor-element-36f1c0d elementor-section-boxed elementor-section-height-default elementor-section-height-default\" data-id=\"36f1c0d\" data-element_type=\"section\">\n\t\t\t\t\t\t<div class=\"elementor-container elementor-column-gap-default\">\n\t\t\t\t\t\t\t<div class=\"elementor-row\">\n\t\t\t\t\t<div class=\"elementor-column elementor-col-50 elementor-top-column elementor-element elementor-element-d29ea53\" data-id=\"d29ea53\" data-element_type=\"column\">\n\t\t\t<div class=\"elementor-column-wrap\">\n\t\t\t\t\t\t\t<div class=\"elementor-widget-wrap\">\n\t\t\t\t\t\t\t\t<\/div>\n\t\t\t\t\t<\/div>\n\t\t<\/div>\n\t\t\t\t<div class=\"elementor-column elementor-col-50 elementor-top-column elementor-element elementor-element-b09bcea\" data-id=\"b09bcea\" data-element_type=\"column\">\n\t\t\t<div class=\"elementor-column-wrap elementor-element-populated\">\n\t\t\t\t\t\t\t<div class=\"elementor-widget-wrap\">\n\t\t\t\t\t\t<section class=\"elementor-section elementor-inner-section elementor-element elementor-element-de15a57 elementor-section-boxed elementor-section-height-default elementor-section-height-default\" data-id=\"de15a57\" data-element_type=\"section\">\n\t\t\t\t\t\t<div class=\"elementor-container elementor-column-gap-default\">\n\t\t\t\t\t\t\t<div class=\"elementor-row\">\n\t\t\t\t\t<div class=\"elementor-column elementor-col-100 elementor-inner-column elementor-element elementor-element-05c3a6d\" data-id=\"05c3a6d\" data-element_type=\"column\" data-settings=\"{&quot;background_background&quot;:&quot;classic&quot;}\">\n\t\t\t<div class=\"elementor-column-wrap elementor-element-populated\">\n\t\t\t\t\t\t\t<div class=\"elementor-widget-wrap\">\n\t\t\t\t\t\t<div class=\"elementor-element elementor-element-d5d60e1 elementor-widget elementor-widget-text-editor\" data-id=\"d5d60e1\" data-element_type=\"widget\" data-widget_type=\"text-editor.default\">\n\t\t\t\t<div class=\"elementor-widget-container\">\n\t\t\t\t\t\t\t\t<div class=\"elementor-text-editor elementor-clearfix\">\n\t\t\t\t<p><\/p>\n<p><br><\/p>\n<p><br><\/p>\n<p>Christophe Goossens est avocat sp\u00e9cialis\u00e9 en droit fiscal, reconnu pour son expertise pointue tant en fiscalit\u00e9<\/p>\n<p>nationale qu\u2019internationale. Il a rejoint malherbe en 2024, apr\u00e8s avoir dirig\u00e9 le d\u00e9partement fiscal d\u2019une<\/p>\n<p>association d\u2019avocats internationale, dont il a \u00e9galement fond\u00e9 le d\u00e9partement fiscal au Luxembourg.<\/p>\n<p><br><\/p>\n<p>Fort d\u2019une exp\u00e9rience de plus de vingt-cinq ans, Christophe Goossens conseille et assiste une client\u00e8le<\/p>\n<p>diversifi\u00e9e \u2013 entreprises, groupes internationaux, dirigeants et particuliers \u2013 dans des mati\u00e8res telles que la<\/p>\n<p>planification fiscale, les restructurations d\u2019entreprises, la fiscalit\u00e9 des soci\u00e9t\u00e9s et des personnes physiques, ainsi<\/p>\n<p>que les proc\u00e9dures contentieuses en droit fiscal et en droit de la responsabilit\u00e9 professionnelle des conseillers<\/p>\n<p>fiscaux. Il a une expertise particuli\u00e8re en droit fiscal international.<\/p>\n<p><br><\/p>\n<p>Il a suivi avec succ\u00e8s la formation en technique et aux proc\u00e9dures de cassation organis\u00e9e par l\u2019Ordre des avocats<\/p>\n<p>\u00e0 la Cour de cassation et intervient en mati\u00e8re fiscale dans les proc\u00e9dures devant la Cour de cassation.<\/p>\n<p><br><\/p>\n<p>Parall\u00e8lement \u00e0 sa pratique d\u2019avocat, Christophe Goossens est professeur de droit fiscal international et europ\u00e9en<\/p>\n<p>\u00e0 l\u2019ICHEC et \u00e0 l\u2019Ecole sup\u00e9rieure des sciences fiscales.<\/p><p><br><\/p>\n<p>Dipl\u00f4m\u00e9 en droit de l\u2019Universit\u00e9 libre de Bruxelles (ULB) en 1996 (magna cum laude), il a ensuite obtenu un<\/p>\n<p>Dipl\u00f4me d\u2019\u00c9tudes Sp\u00e9cialis\u00e9es (DES) en droit fiscal \u00e0 la m\u00eame universit\u00e9 (1999, summa cum laude).<\/p><p><br><\/p>\n<p>Il est l\u2019auteur de publications en mati\u00e8re fiscale.<\/p><p><br><\/p>\n<p>Il parle le fran\u00e7ais et l\u2019anglais, et a une connaissance professionnelle du n\u00e9erlandais.<\/p>\n<p><br><\/p>\n<p><br><\/p>\n<p><\/p>\t\t\t\t\t<\/div>\n\t\t\t\t\t\t<\/div>\n\t\t\t\t<\/div>\n\t\t\t\t\t\t<\/div>\n\t\t\t\t\t<\/div>\n\t\t<\/div>\n\t\t\t\t\t\t\t\t<\/div>\n\t\t\t\t\t<\/div>\n\t\t<\/section>\n\t\t\t\t\t\t<\/div>\n\t\t\t\t\t<\/div>\n\t\t<\/div>\n\t\t\t\t\t\t\t\t<\/div>\n\t\t\t\t\t<\/div>\n\t\t<\/section>\n\t\t\t\t<section class=\"elementor-section elementor-top-section elementor-element elementor-element-ed44038 elementor-section-boxed elementor-section-height-default elementor-section-height-default\" data-id=\"ed44038\" data-element_type=\"section\">\n\t\t\t\t\t\t<div class=\"elementor-container elementor-column-gap-default\">\n\t\t\t\t\t\t\t<div class=\"elementor-row\">\n\t\t\t\t\t<div class=\"elementor-column elementor-col-100 elementor-top-column elementor-element elementor-element-c2e2c7a\" data-id=\"c2e2c7a\" data-element_type=\"column\">\n\t\t\t<div class=\"elementor-column-wrap elementor-element-populated\">\n\t\t\t\t\t\t\t<div class=\"elementor-widget-wrap\">\n\t\t\t\t\t\t<div class=\"elementor-element elementor-element-fe126da elementor-widget elementor-widget-spacer\" data-id=\"fe126da\" data-element_type=\"widget\" data-widget_type=\"spacer.default\">\n\t\t\t\t<div class=\"elementor-widget-container\">\n\t\t\t\t\t<div class=\"elementor-spacer\">\n\t\t\t<div class=\"elementor-spacer-inner\"><\/div>\n\t\t<\/div>\n\t\t\t\t<\/div>\n\t\t\t\t<\/div>\n\t\t\t\t\t\t<\/div>\n\t\t\t\t\t<\/div>\n\t\t<\/div>\n\t\t\t\t\t\t\t\t<\/div>\n\t\t\t\t\t<\/div>\n\t\t<\/section>\n\t\t\t\t\t\t\t\t\t<\/div>\n\t\t\t<\/div>\n\t\t\t\t\t<\/div>\n\t\t","protected":false},"excerpt":{"rendered":"<p>Christophe Goossens Partner Dipl\u00f4me sp\u00e9cial en droit fiscal Universit\u00e9 Libre de Bruxelles christophe.goossens@malherbe.law +32 (0) 2 535 77 70 LinkedIn Christophe Goossens est avocat sp\u00e9cialis\u00e9 en droit fiscal, reconnu pour son expertise pointue tant en fiscalit\u00e9 nationale qu\u2019internationale. Il a rejoint malherbe en 2024, apr\u00e8s avoir dirig\u00e9 le d\u00e9partement fiscal d\u2019une association d\u2019avocats internationale, dont [&hellip;]<\/p>\n","protected":false},"author":1,"featured_media":0,"parent":0,"menu_order":0,"comment_status":"closed","ping_status":"closed","template":"","meta":{"inline_featured_image":false},"_links":{"self":[{"href":"https:\/\/malherbe.law\/index.php\/wp-json\/wp\/v2\/pages\/4404"}],"collection":[{"href":"https:\/\/malherbe.law\/index.php\/wp-json\/wp\/v2\/pages"}],"about":[{"href":"https:\/\/malherbe.law\/index.php\/wp-json\/wp\/v2\/types\/page"}],"author":[{"embeddable":true,"href":"https:\/\/malherbe.law\/index.php\/wp-json\/wp\/v2\/users\/1"}],"replies":[{"embeddable":true,"href":"https:\/\/malherbe.law\/index.php\/wp-json\/wp\/v2\/comments?post=4404"}],"version-history":[{"count":35,"href":"https:\/\/malherbe.law\/index.php\/wp-json\/wp\/v2\/pages\/4404\/revisions"}],"predecessor-version":[{"id":5350,"href":"https:\/\/malherbe.law\/index.php\/wp-json\/wp\/v2\/pages\/4404\/revisions\/5350"}],"wp:attachment":[{"href":"https:\/\/malherbe.law\/index.php\/wp-json\/wp\/v2\/media?parent=4404"}],"curies":[{"name":"wp","href":"https:\/\/api.w.org\/{rel}","templated":true}]}}