{"id":2513,"date":"2022-02-02T18:06:48","date_gmt":"2022-02-02T17:06:48","guid":{"rendered":"https:\/\/malherbe.law\/?page_id=2513"},"modified":"2025-09-15T13:19:36","modified_gmt":"2025-09-15T11:19:36","slug":"tamara-leidgens-fr","status":"publish","type":"page","link":"https:\/\/malherbe.law\/index.php\/tamara-leidgens-fr\/","title":{"rendered":"Tamara Leidgens"},"content":{"rendered":"\t\t<div data-elementor-type=\"wp-page\" data-elementor-id=\"2513\" class=\"elementor elementor-2513\">\n\t\t\t\t\t\t<div class=\"elementor-inner\">\n\t\t\t\t<div class=\"elementor-section-wrap\">\n\t\t\t\t\t\t\t\t\t<section class=\"elementor-section elementor-top-section elementor-element elementor-element-3bfb77d elementor-section-boxed elementor-section-height-default elementor-section-height-default\" data-id=\"3bfb77d\" data-element_type=\"section\">\n\t\t\t\t\t\t<div class=\"elementor-container elementor-column-gap-default\">\n\t\t\t\t\t\t\t<div class=\"elementor-row\">\n\t\t\t\t\t<div class=\"elementor-column elementor-col-50 elementor-top-column elementor-element elementor-element-7ae479d\" data-id=\"7ae479d\" data-element_type=\"column\">\n\t\t\t<div class=\"elementor-column-wrap elementor-element-populated\">\n\t\t\t\t\t\t\t<div class=\"elementor-widget-wrap\">\n\t\t\t\t\t\t<div class=\"elementor-element elementor-element-e27d754 elementor-widget elementor-widget-image\" data-id=\"e27d754\" data-element_type=\"widget\" data-widget_type=\"image.default\">\n\t\t\t\t<div class=\"elementor-widget-container\">\n\t\t\t\t\t\t\t\t<div class=\"elementor-image\">\n\t\t\t\t\t\t\t\t\t\t\t\t<img width=\"1022\" height=\"1536\" src=\"https:\/\/malherbe.law\/wp-content\/uploads\/2023\/12\/Tamara-L2-1022x1536.jpg\" class=\"attachment-1536x1536 size-1536x1536\" alt=\"\" loading=\"lazy\" srcset=\"https:\/\/malherbe.law\/wp-content\/uploads\/2023\/12\/Tamara-L2-1022x1536.jpg 1022w, https:\/\/malherbe.law\/wp-content\/uploads\/2023\/12\/Tamara-L2-200x300.jpg 200w, https:\/\/malherbe.law\/wp-content\/uploads\/2023\/12\/Tamara-L2-681x1024.jpg 681w, https:\/\/malherbe.law\/wp-content\/uploads\/2023\/12\/Tamara-L2-768x1154.jpg 768w, https:\/\/malherbe.law\/wp-content\/uploads\/2023\/12\/Tamara-L2-1363x2048.jpg 1363w, https:\/\/malherbe.law\/wp-content\/uploads\/2023\/12\/Tamara-L2-scaled.jpg 1703w\" sizes=\"(max-width: 1022px) 100vw, 1022px\" \/>\t\t\t\t\t\t\t\t\t\t\t\t\t\t<\/div>\n\t\t\t\t\t\t<\/div>\n\t\t\t\t<\/div>\n\t\t\t\t\t\t<\/div>\n\t\t\t\t\t<\/div>\n\t\t<\/div>\n\t\t\t\t<div class=\"elementor-column elementor-col-50 elementor-top-column elementor-element elementor-element-869aaa3\" data-id=\"869aaa3\" data-element_type=\"column\">\n\t\t\t<div class=\"elementor-column-wrap elementor-element-populated\">\n\t\t\t\t\t\t\t<div class=\"elementor-widget-wrap\">\n\t\t\t\t\t\t<div class=\"elementor-element elementor-element-c70b434 elementor-widget elementor-widget-heading\" data-id=\"c70b434\" data-element_type=\"widget\" data-widget_type=\"heading.default\">\n\t\t\t\t<div class=\"elementor-widget-container\">\n\t\t\t<h3 class=\"elementor-heading-title elementor-size-default\">Tamara Leidgens<\/h3>\t\t<\/div>\n\t\t\t\t<\/div>\n\t\t\t\t<div class=\"elementor-element elementor-element-b7e945e elementor-widget elementor-widget-text-editor\" data-id=\"b7e945e\" data-element_type=\"widget\" data-widget_type=\"text-editor.default\">\n\t\t\t\t<div class=\"elementor-widget-container\">\n\t\t\t\t\t\t\t\t<div class=\"elementor-text-editor elementor-clearfix\">\n\t\t\t\t<p><strong>Associ\u00e9e<\/strong><\/p>\n<p>Avocate au Barreau de Bruxelles<\/p><p>Ancienne assistante \u00e0 l&rsquo;Universit\u00e9 libre de Bruxelles&nbsp;<\/p>\n<p><\/p>\t\t\t\t\t<\/div>\n\t\t\t\t\t\t<\/div>\n\t\t\t\t<\/div>\n\t\t\t\t<section class=\"elementor-section elementor-inner-section elementor-element elementor-element-acc789b elementor-section-height-min-height elementor-section-boxed elementor-section-height-default\" data-id=\"acc789b\" data-element_type=\"section\">\n\t\t\t\t\t\t<div class=\"elementor-container elementor-column-gap-default\">\n\t\t\t\t\t\t\t<div class=\"elementor-row\">\n\t\t\t\t\t<div class=\"elementor-column elementor-col-100 elementor-inner-column elementor-element elementor-element-f97431c\" data-id=\"f97431c\" data-element_type=\"column\" data-settings=\"{&quot;background_background&quot;:&quot;classic&quot;}\">\n\t\t\t<div class=\"elementor-column-wrap elementor-element-populated\">\n\t\t\t\t\t\t\t<div class=\"elementor-widget-wrap\">\n\t\t\t\t\t\t<div class=\"elementor-element elementor-element-d8f8351 elementor-tablet-align-center elementor-mobile-align-left elementor-icon-list--layout-traditional elementor-list-item-link-full_width elementor-widget elementor-widget-icon-list\" data-id=\"d8f8351\" data-element_type=\"widget\" data-widget_type=\"icon-list.default\">\n\t\t\t\t<div class=\"elementor-widget-container\">\n\t\t\t\t\t<ul class=\"elementor-icon-list-items\">\n\t\t\t\t\t\t\t<li class=\"elementor-icon-list-item\">\n\t\t\t\t\t\t\t\t\t\t\t<a href=\"mailto:tleidgens@malherbe.law\" target=\"_blank\">\n\n\t\t\t\t\t\t\t\t\t\t\t\t<span class=\"elementor-icon-list-icon\">\n\t\t\t\t\t\t\t<i aria-hidden=\"true\" class=\"fas fa-envelope\"><\/i>\t\t\t\t\t\t<\/span>\n\t\t\t\t\t\t\t\t\t\t<span class=\"elementor-icon-list-text\">tleidgens@malherbe.law<\/span>\n\t\t\t\t\t\t\t\t\t\t\t<\/a>\n\t\t\t\t\t\t\t\t\t<\/li>\n\t\t\t\t\t\t\t\t<li class=\"elementor-icon-list-item\">\n\t\t\t\t\t\t\t\t\t\t\t<a href=\"tel:%20+32%20(0)%202%20535%2077%2073\">\n\n\t\t\t\t\t\t\t\t\t\t\t\t<span class=\"elementor-icon-list-icon\">\n\t\t\t\t\t\t\t<i aria-hidden=\"true\" class=\"fas fa-phone-alt\"><\/i>\t\t\t\t\t\t<\/span>\n\t\t\t\t\t\t\t\t\t\t<span class=\"elementor-icon-list-text\">+32 (0) 2 535 77 73<\/span>\n\t\t\t\t\t\t\t\t\t\t\t<\/a>\n\t\t\t\t\t\t\t\t\t<\/li>\n\t\t\t\t\t\t\t\t<li class=\"elementor-icon-list-item\">\n\t\t\t\t\t\t\t\t\t\t\t<a href=\"tel:%20+32%20(0)%20491%2056%2016%2065\">\n\n\t\t\t\t\t\t\t\t\t\t\t\t<span class=\"elementor-icon-list-icon\">\n\t\t\t\t\t\t\t<i aria-hidden=\"true\" class=\"fas fa-mobile-alt\"><\/i>\t\t\t\t\t\t<\/span>\n\t\t\t\t\t\t\t\t\t\t<span class=\"elementor-icon-list-text\">+32 (0) 491 56 16 65<\/span>\n\t\t\t\t\t\t\t\t\t\t\t<\/a>\n\t\t\t\t\t\t\t\t\t<\/li>\n\t\t\t\t\t\t\t\t<li class=\"elementor-icon-list-item\">\n\t\t\t\t\t\t\t\t\t\t\t<a href=\"https:\/\/www.linkedin.com\/in\/tamara-leidgens-b9b0622\/\" target=\"_blank\">\n\n\t\t\t\t\t\t\t\t\t\t\t\t<span class=\"elementor-icon-list-icon\">\n\t\t\t\t\t\t\t<i aria-hidden=\"true\" class=\"fab fa-linkedin\"><\/i>\t\t\t\t\t\t<\/span>\n\t\t\t\t\t\t\t\t\t\t<span class=\"elementor-icon-list-text\">LinkedIn<\/span>\n\t\t\t\t\t\t\t\t\t\t\t<\/a>\n\t\t\t\t\t\t\t\t\t<\/li>\n\t\t\t\t\t\t\t\t<li class=\"elementor-icon-list-item\">\n\t\t\t\t\t\t\t\t\t\t\t<a href=\"https:\/\/malherbe.law\/index.php\/publications-fr-tamara-leidgens\/\" target=\"_blank\">\n\n\t\t\t\t\t\t\t\t\t\t\t\t<span class=\"elementor-icon-list-icon\">\n\t\t\t\t\t\t\t<i aria-hidden=\"true\" class=\"fas fa-book-reader\"><\/i>\t\t\t\t\t\t<\/span>\n\t\t\t\t\t\t\t\t\t\t<span class=\"elementor-icon-list-text\">Publications<\/span>\n\t\t\t\t\t\t\t\t\t\t\t<\/a>\n\t\t\t\t\t\t\t\t\t<\/li>\n\t\t\t\t\t\t<\/ul>\n\t\t\t\t<\/div>\n\t\t\t\t<\/div>\n\t\t\t\t\t\t<\/div>\n\t\t\t\t\t<\/div>\n\t\t<\/div>\n\t\t\t\t\t\t\t\t<\/div>\n\t\t\t\t\t<\/div>\n\t\t<\/section>\n\t\t\t\t\t\t<\/div>\n\t\t\t\t\t<\/div>\n\t\t<\/div>\n\t\t\t\t\t\t\t\t<\/div>\n\t\t\t\t\t<\/div>\n\t\t<\/section>\n\t\t\t\t<section class=\"elementor-section elementor-top-section elementor-element elementor-element-0033caf elementor-section-boxed elementor-section-height-default elementor-section-height-default\" data-id=\"0033caf\" data-element_type=\"section\">\n\t\t\t\t\t\t<div class=\"elementor-container elementor-column-gap-default\">\n\t\t\t\t\t\t\t<div class=\"elementor-row\">\n\t\t\t\t\t<div class=\"elementor-column elementor-col-50 elementor-top-column elementor-element elementor-element-8b7ed38\" data-id=\"8b7ed38\" data-element_type=\"column\">\n\t\t\t<div class=\"elementor-column-wrap\">\n\t\t\t\t\t\t\t<div class=\"elementor-widget-wrap\">\n\t\t\t\t\t\t\t\t<\/div>\n\t\t\t\t\t<\/div>\n\t\t<\/div>\n\t\t\t\t<div class=\"elementor-column elementor-col-50 elementor-top-column elementor-element elementor-element-620f1dd\" data-id=\"620f1dd\" data-element_type=\"column\">\n\t\t\t<div class=\"elementor-column-wrap elementor-element-populated\">\n\t\t\t\t\t\t\t<div class=\"elementor-widget-wrap\">\n\t\t\t\t\t\t<section class=\"elementor-section elementor-inner-section elementor-element elementor-element-04406bd elementor-section-boxed elementor-section-height-default elementor-section-height-default\" data-id=\"04406bd\" data-element_type=\"section\">\n\t\t\t\t\t\t<div class=\"elementor-container elementor-column-gap-default\">\n\t\t\t\t\t\t\t<div class=\"elementor-row\">\n\t\t\t\t\t<div class=\"elementor-column elementor-col-100 elementor-inner-column elementor-element elementor-element-806ad3c\" data-id=\"806ad3c\" data-element_type=\"column\" data-settings=\"{&quot;background_background&quot;:&quot;classic&quot;}\">\n\t\t\t<div class=\"elementor-column-wrap elementor-element-populated\">\n\t\t\t\t\t\t\t<div class=\"elementor-widget-wrap\">\n\t\t\t\t\t\t<div class=\"elementor-element elementor-element-200fef4 elementor-widget elementor-widget-text-editor\" data-id=\"200fef4\" data-element_type=\"widget\" data-widget_type=\"text-editor.default\">\n\t\t\t\t<div class=\"elementor-widget-container\">\n\t\t\t\t\t\t\t\t<div class=\"elementor-text-editor elementor-clearfix\">\n\t\t\t\t<p><\/p>\n<p><br><\/p>\n<p><br><\/p>\n<p>Tamara Leidgens est associ\u00e9e chez malherbe depuis 2017. Elle est sp\u00e9cialis\u00e9e en droit administratif, avec une expertise particuli\u00e8rement reconnue en droit administratif r\u00e9pressif et en droit de l\u2019environnement.<\/p><p><br><\/p><p>Elle conseille et repr\u00e9sente des entreprises dans des dossiers complexes, \u00e0 forts enjeux juridiques, \u00e9conomiques ou soci\u00e9taux, et dispose d\u2019une expertise pointue en mati\u00e8re de sanctions administratives, notamment dans le secteur de l\u2019a\u00e9ronautique.<\/p><p><br><\/p><p>Sa pratique contentieuse couvre notamment les recours administratifs, les proc\u00e9dures judiciaires, et les proc\u00e9dures devant le Conseil d\u2019\u00c9tat, la Cour constitutionnelle et les juridictions europ\u00e9ennes.<\/p><p><br><\/p><p>Dipl\u00f4m\u00e9e en droit de l\u2019Universit\u00e9 catholique de Louvain (1998, magna cum laude), elle est \u00e9galement titulaire d\u2019un Dipl\u00f4me d\u2019Etudes Sp\u00e9cialis\u00e9es en droit international public de l\u2019Universit\u00e9 libre de Bruxelles (1999, magna cum laude, qu\u2019elle a repr\u00e9sent\u00e9 pour le Concours de proc\u00e8s simul\u00e9 Charles-Rousseau. Elle a par ailleurs suivi la formation d\u2019\u00e9t\u00e9 en droit de l\u2019espace organis\u00e9 par l\u2019ECSL sous l\u2019\u00e9gide de l\u2019Agence spatiale europ\u00e9enne \u00e0 l\u2019Universit\u00e9 de Gen\u00e8ve.<\/p><p><br><\/p><p>Elle a \u00e9t\u00e9 assistante \u00e0 la Facult\u00e9 de droit de l\u2019ULB jusqu\u2019en 2015, notamment pour le cours \u00ab droit public et droit international : intersections \u00bb.<\/p><p><br><\/p><p>Elle parle fran\u00e7ais et anglais.<\/p><p><br><\/p><p><br><\/p>\n<p><\/p>\t\t\t\t\t<\/div>\n\t\t\t\t\t\t<\/div>\n\t\t\t\t<\/div>\n\t\t\t\t\t\t<\/div>\n\t\t\t\t\t<\/div>\n\t\t<\/div>\n\t\t\t\t\t\t\t\t<\/div>\n\t\t\t\t\t<\/div>\n\t\t<\/section>\n\t\t\t\t\t\t<\/div>\n\t\t\t\t\t<\/div>\n\t\t<\/div>\n\t\t\t\t\t\t\t\t<\/div>\n\t\t\t\t\t<\/div>\n\t\t<\/section>\n\t\t\t\t<section class=\"elementor-section elementor-top-section elementor-element elementor-element-a141773 elementor-section-boxed elementor-section-height-default elementor-section-height-default\" data-id=\"a141773\" data-element_type=\"section\">\n\t\t\t\t\t\t<div class=\"elementor-container elementor-column-gap-default\">\n\t\t\t\t\t\t\t<div class=\"elementor-row\">\n\t\t\t\t\t<div class=\"elementor-column elementor-col-100 elementor-top-column elementor-element elementor-element-bc7cd60\" data-id=\"bc7cd60\" data-element_type=\"column\">\n\t\t\t<div class=\"elementor-column-wrap elementor-element-populated\">\n\t\t\t\t\t\t\t<div class=\"elementor-widget-wrap\">\n\t\t\t\t\t\t<div class=\"elementor-element elementor-element-78e9aec elementor-widget elementor-widget-spacer\" data-id=\"78e9aec\" data-element_type=\"widget\" data-widget_type=\"spacer.default\">\n\t\t\t\t<div class=\"elementor-widget-container\">\n\t\t\t\t\t<div class=\"elementor-spacer\">\n\t\t\t<div class=\"elementor-spacer-inner\"><\/div>\n\t\t<\/div>\n\t\t\t\t<\/div>\n\t\t\t\t<\/div>\n\t\t\t\t\t\t<\/div>\n\t\t\t\t\t<\/div>\n\t\t<\/div>\n\t\t\t\t\t\t\t\t<\/div>\n\t\t\t\t\t<\/div>\n\t\t<\/section>\n\t\t\t\t\t\t\t\t\t<\/div>\n\t\t\t<\/div>\n\t\t\t\t\t<\/div>\n\t\t","protected":false},"excerpt":{"rendered":"<p>Tamara Leidgens Associ\u00e9e Avocate au Barreau de Bruxelles Ancienne assistante \u00e0 l&rsquo;Universit\u00e9 libre de Bruxelles&nbsp; tleidgens@malherbe.law +32 (0) 2 535 77 73 +32 (0) 491 56 16 65 LinkedIn Publications Tamara Leidgens est associ\u00e9e chez malherbe depuis 2017. Elle est sp\u00e9cialis\u00e9e en droit administratif, avec une expertise particuli\u00e8rement reconnue en droit administratif r\u00e9pressif et en [&hellip;]<\/p>\n","protected":false},"author":1,"featured_media":0,"parent":0,"menu_order":0,"comment_status":"closed","ping_status":"closed","template":"","meta":{"inline_featured_image":false},"_links":{"self":[{"href":"https:\/\/malherbe.law\/index.php\/wp-json\/wp\/v2\/pages\/2513"}],"collection":[{"href":"https:\/\/malherbe.law\/index.php\/wp-json\/wp\/v2\/pages"}],"about":[{"href":"https:\/\/malherbe.law\/index.php\/wp-json\/wp\/v2\/types\/page"}],"author":[{"embeddable":true,"href":"https:\/\/malherbe.law\/index.php\/wp-json\/wp\/v2\/users\/1"}],"replies":[{"embeddable":true,"href":"https:\/\/malherbe.law\/index.php\/wp-json\/wp\/v2\/comments?post=2513"}],"version-history":[{"count":51,"href":"https:\/\/malherbe.law\/index.php\/wp-json\/wp\/v2\/pages\/2513\/revisions"}],"predecessor-version":[{"id":5487,"href":"https:\/\/malherbe.law\/index.php\/wp-json\/wp\/v2\/pages\/2513\/revisions\/5487"}],"wp:attachment":[{"href":"https:\/\/malherbe.law\/index.php\/wp-json\/wp\/v2\/media?parent=2513"}],"curies":[{"name":"wp","href":"https:\/\/api.w.org\/{rel}","templated":true}]}}