{"id":2498,"date":"2022-02-02T18:02:10","date_gmt":"2022-02-02T17:02:10","guid":{"rendered":"https:\/\/malherbe.law\/?page_id=2498"},"modified":"2025-07-04T10:04:04","modified_gmt":"2025-07-04T08:04:04","slug":"philippe-malherbe-fr","status":"publish","type":"page","link":"https:\/\/malherbe.law\/index.php\/philippe-malherbe-fr\/","title":{"rendered":"Philippe Malherbe"},"content":{"rendered":"\t\t<div data-elementor-type=\"wp-page\" data-elementor-id=\"2498\" class=\"elementor elementor-2498\">\n\t\t\t\t\t\t<div class=\"elementor-inner\">\n\t\t\t\t<div class=\"elementor-section-wrap\">\n\t\t\t\t\t\t\t\t\t<section class=\"elementor-section elementor-top-section elementor-element elementor-element-fe375bc elementor-section-boxed elementor-section-height-default elementor-section-height-default\" data-id=\"fe375bc\" data-element_type=\"section\">\n\t\t\t\t\t\t<div class=\"elementor-container elementor-column-gap-default\">\n\t\t\t\t\t\t\t<div class=\"elementor-row\">\n\t\t\t\t\t<div class=\"elementor-column elementor-col-50 elementor-top-column elementor-element elementor-element-abd86f6\" data-id=\"abd86f6\" data-element_type=\"column\">\n\t\t\t<div class=\"elementor-column-wrap elementor-element-populated\">\n\t\t\t\t\t\t\t<div class=\"elementor-widget-wrap\">\n\t\t\t\t\t\t<div class=\"elementor-element elementor-element-9511578 elementor-widget elementor-widget-image\" data-id=\"9511578\" data-element_type=\"widget\" data-widget_type=\"image.default\">\n\t\t\t\t<div class=\"elementor-widget-container\">\n\t\t\t\t\t\t\t\t<div class=\"elementor-image\">\n\t\t\t\t\t\t\t\t\t\t\t\t<img width=\"1022\" height=\"1536\" src=\"https:\/\/malherbe.law\/wp-content\/uploads\/2023\/12\/PHM-2-1022x1536.jpg\" class=\"attachment-1536x1536 size-1536x1536\" alt=\"\" loading=\"lazy\" srcset=\"https:\/\/malherbe.law\/wp-content\/uploads\/2023\/12\/PHM-2-1022x1536.jpg 1022w, https:\/\/malherbe.law\/wp-content\/uploads\/2023\/12\/PHM-2-200x300.jpg 200w, https:\/\/malherbe.law\/wp-content\/uploads\/2023\/12\/PHM-2-681x1024.jpg 681w, https:\/\/malherbe.law\/wp-content\/uploads\/2023\/12\/PHM-2-768x1154.jpg 768w, https:\/\/malherbe.law\/wp-content\/uploads\/2023\/12\/PHM-2-1363x2048.jpg 1363w, https:\/\/malherbe.law\/wp-content\/uploads\/2023\/12\/PHM-2-scaled.jpg 1703w\" sizes=\"(max-width: 1022px) 100vw, 1022px\" \/>\t\t\t\t\t\t\t\t\t\t\t\t\t\t<\/div>\n\t\t\t\t\t\t<\/div>\n\t\t\t\t<\/div>\n\t\t\t\t\t\t<\/div>\n\t\t\t\t\t<\/div>\n\t\t<\/div>\n\t\t\t\t<div class=\"elementor-column elementor-col-50 elementor-top-column elementor-element elementor-element-6b06aea\" data-id=\"6b06aea\" data-element_type=\"column\">\n\t\t\t<div class=\"elementor-column-wrap elementor-element-populated\">\n\t\t\t\t\t\t\t<div class=\"elementor-widget-wrap\">\n\t\t\t\t\t\t<div class=\"elementor-element elementor-element-18631dc elementor-widget elementor-widget-heading\" data-id=\"18631dc\" data-element_type=\"widget\" data-widget_type=\"heading.default\">\n\t\t\t\t<div class=\"elementor-widget-container\">\n\t\t\t<h3 class=\"elementor-heading-title elementor-size-default\">Philippe Malherbe<\/h3>\t\t<\/div>\n\t\t\t\t<\/div>\n\t\t\t\t<div class=\"elementor-element elementor-element-cbbf0f7 elementor-widget elementor-widget-text-editor\" data-id=\"cbbf0f7\" data-element_type=\"widget\" data-widget_type=\"text-editor.default\">\n\t\t\t\t<div class=\"elementor-widget-container\">\n\t\t\t\t\t\t\t\t<div class=\"elementor-text-editor elementor-clearfix\">\n\t\t\t\t<p>Associ\u00e9 Fondateur\u00a0<\/p><p><span style=\"color: var( --e-global-color-text );\">Avocat au Barreau de Bruxelles\u00a0<\/span><\/p><p>LL.M., University of California Berkeley<\/p><p>Lic.Ec.Sc., Universit\u00e9 catholique de Louvain<\/p><p>Professeur \u00e0 l&rsquo;Universit\u00e9 catholique de Louvain<\/p><p>Professeur invit\u00e9 \u00e0 l&rsquo;Universit\u00e9 Paris-Est Cr\u00e9teil<\/p><p>Examinateur externe au King\u2019s College London<\/p><p>\u00a0<\/p>\t\t\t\t\t<\/div>\n\t\t\t\t\t\t<\/div>\n\t\t\t\t<\/div>\n\t\t\t\t<section class=\"elementor-section elementor-inner-section elementor-element elementor-element-8f029cb elementor-section-height-min-height elementor-section-boxed elementor-section-height-default\" data-id=\"8f029cb\" data-element_type=\"section\">\n\t\t\t\t\t\t<div class=\"elementor-container elementor-column-gap-default\">\n\t\t\t\t\t\t\t<div class=\"elementor-row\">\n\t\t\t\t\t<div class=\"elementor-column elementor-col-100 elementor-inner-column elementor-element elementor-element-caafad1\" data-id=\"caafad1\" data-element_type=\"column\" data-settings=\"{&quot;background_background&quot;:&quot;classic&quot;}\">\n\t\t\t<div class=\"elementor-column-wrap elementor-element-populated\">\n\t\t\t\t\t\t\t<div class=\"elementor-widget-wrap\">\n\t\t\t\t\t\t<div class=\"elementor-element elementor-element-bb468df elementor-tablet-align-center elementor-mobile-align-left elementor-icon-list--layout-traditional elementor-list-item-link-full_width elementor-widget elementor-widget-icon-list\" data-id=\"bb468df\" data-element_type=\"widget\" data-widget_type=\"icon-list.default\">\n\t\t\t\t<div class=\"elementor-widget-container\">\n\t\t\t\t\t<ul class=\"elementor-icon-list-items\">\n\t\t\t\t\t\t\t<li class=\"elementor-icon-list-item\">\n\t\t\t\t\t\t\t\t\t\t\t<a href=\"mailto:pmalherbe@malherbe.law\" target=\"_blank\">\n\n\t\t\t\t\t\t\t\t\t\t\t\t<span class=\"elementor-icon-list-icon\">\n\t\t\t\t\t\t\t<i aria-hidden=\"true\" class=\"fas fa-envelope\"><\/i>\t\t\t\t\t\t<\/span>\n\t\t\t\t\t\t\t\t\t\t<span class=\"elementor-icon-list-text\">pmalherbe@malherbe.law<\/span>\n\t\t\t\t\t\t\t\t\t\t\t<\/a>\n\t\t\t\t\t\t\t\t\t<\/li>\n\t\t\t\t\t\t\t\t<li class=\"elementor-icon-list-item\">\n\t\t\t\t\t\t\t\t\t\t\t<a href=\"tel:%20+32%20(0)%202%20535%2077%2096\">\n\n\t\t\t\t\t\t\t\t\t\t\t\t<span class=\"elementor-icon-list-icon\">\n\t\t\t\t\t\t\t<i aria-hidden=\"true\" class=\"fas fa-phone-alt\"><\/i>\t\t\t\t\t\t<\/span>\n\t\t\t\t\t\t\t\t\t\t<span class=\"elementor-icon-list-text\">+32 (0) 2 535 77 96<\/span>\n\t\t\t\t\t\t\t\t\t\t\t<\/a>\n\t\t\t\t\t\t\t\t\t<\/li>\n\t\t\t\t\t\t\t\t<li class=\"elementor-icon-list-item\">\n\t\t\t\t\t\t\t\t\t\t\t<a href=\"tel:%20+32%20(0)%20475%2045%2069%2031\">\n\n\t\t\t\t\t\t\t\t\t\t\t\t<span class=\"elementor-icon-list-icon\">\n\t\t\t\t\t\t\t<i aria-hidden=\"true\" class=\"fas fa-mobile-alt\"><\/i>\t\t\t\t\t\t<\/span>\n\t\t\t\t\t\t\t\t\t\t<span class=\"elementor-icon-list-text\">+32 (0) 475 45 69 31<\/span>\n\t\t\t\t\t\t\t\t\t\t\t<\/a>\n\t\t\t\t\t\t\t\t\t<\/li>\n\t\t\t\t\t\t\t\t<li class=\"elementor-icon-list-item\">\n\t\t\t\t\t\t\t\t\t\t\t<a href=\"https:\/\/www.linkedin.com\/in\/philippe-malherbe-42678b78\/\" target=\"_blank\">\n\n\t\t\t\t\t\t\t\t\t\t\t\t<span class=\"elementor-icon-list-icon\">\n\t\t\t\t\t\t\t<i aria-hidden=\"true\" class=\"fab fa-linkedin\"><\/i>\t\t\t\t\t\t<\/span>\n\t\t\t\t\t\t\t\t\t\t<span class=\"elementor-icon-list-text\">LinkedIn<\/span>\n\t\t\t\t\t\t\t\t\t\t\t<\/a>\n\t\t\t\t\t\t\t\t\t<\/li>\n\t\t\t\t\t\t\t\t<li class=\"elementor-icon-list-item\">\n\t\t\t\t\t\t\t\t\t\t\t<a href=\"https:\/\/malherbe.law\/index.php\/publications-fr-philippe-malherbe-esq\/\" target=\"_blank\">\n\n\t\t\t\t\t\t\t\t\t\t\t\t<span class=\"elementor-icon-list-icon\">\n\t\t\t\t\t\t\t<i aria-hidden=\"true\" class=\"fas fa-book-reader\"><\/i>\t\t\t\t\t\t<\/span>\n\t\t\t\t\t\t\t\t\t\t<span class=\"elementor-icon-list-text\">Publications<\/span>\n\t\t\t\t\t\t\t\t\t\t\t<\/a>\n\t\t\t\t\t\t\t\t\t<\/li>\n\t\t\t\t\t\t<\/ul>\n\t\t\t\t<\/div>\n\t\t\t\t<\/div>\n\t\t\t\t\t\t<\/div>\n\t\t\t\t\t<\/div>\n\t\t<\/div>\n\t\t\t\t\t\t\t\t<\/div>\n\t\t\t\t\t<\/div>\n\t\t<\/section>\n\t\t\t\t\t\t<\/div>\n\t\t\t\t\t<\/div>\n\t\t<\/div>\n\t\t\t\t\t\t\t\t<\/div>\n\t\t\t\t\t<\/div>\n\t\t<\/section>\n\t\t\t\t<section class=\"elementor-section elementor-top-section elementor-element elementor-element-7d9c8c8 elementor-section-boxed elementor-section-height-default elementor-section-height-default\" data-id=\"7d9c8c8\" data-element_type=\"section\">\n\t\t\t\t\t\t<div class=\"elementor-container elementor-column-gap-default\">\n\t\t\t\t\t\t\t<div class=\"elementor-row\">\n\t\t\t\t\t<div class=\"elementor-column elementor-col-50 elementor-top-column elementor-element elementor-element-12c117a\" data-id=\"12c117a\" data-element_type=\"column\">\n\t\t\t<div class=\"elementor-column-wrap\">\n\t\t\t\t\t\t\t<div class=\"elementor-widget-wrap\">\n\t\t\t\t\t\t\t\t<\/div>\n\t\t\t\t\t<\/div>\n\t\t<\/div>\n\t\t\t\t<div class=\"elementor-column elementor-col-50 elementor-top-column elementor-element elementor-element-a38ad39\" data-id=\"a38ad39\" data-element_type=\"column\">\n\t\t\t<div class=\"elementor-column-wrap elementor-element-populated\">\n\t\t\t\t\t\t\t<div class=\"elementor-widget-wrap\">\n\t\t\t\t\t\t<section class=\"elementor-section elementor-inner-section elementor-element elementor-element-4df599f elementor-section-boxed elementor-section-height-default elementor-section-height-default\" data-id=\"4df599f\" data-element_type=\"section\">\n\t\t\t\t\t\t<div class=\"elementor-container elementor-column-gap-default\">\n\t\t\t\t\t\t\t<div class=\"elementor-row\">\n\t\t\t\t\t<div class=\"elementor-column elementor-col-100 elementor-inner-column elementor-element elementor-element-7d71672\" data-id=\"7d71672\" data-element_type=\"column\" data-settings=\"{&quot;background_background&quot;:&quot;classic&quot;}\">\n\t\t\t<div class=\"elementor-column-wrap elementor-element-populated\">\n\t\t\t\t\t\t\t<div class=\"elementor-widget-wrap\">\n\t\t\t\t\t\t<div class=\"elementor-element elementor-element-d9bd35d elementor-widget elementor-widget-text-editor\" data-id=\"d9bd35d\" data-element_type=\"widget\" data-widget_type=\"text-editor.default\">\n\t\t\t\t<div class=\"elementor-widget-container\">\n\t\t\t\t\t\t\t\t<div class=\"elementor-text-editor elementor-clearfix\">\n\t\t\t\t<p><\/p>\n<p><br><\/p>\n<p><br><\/p>\n<p>Philippe Malherbe, fondateur de l&rsquo;association malherbe, met au service des entreprises, des groupes familiaux et des particuliers plus de 40 ans d\u2019exp\u00e9rience en droit des affaires et en droit fiscal.<\/p><p><br><\/p><p>Apr\u00e8s avoir \u00e9t\u00e9 collaborateur puis associ\u00e9 au sein d\u2019un cabinet d\u2019avocats de premier plan pendant de nombreuses ann\u00e9es, il a fond\u00e9 l\u2019association malherbe en 2017, avec la volont\u00e9 d\u2019offrir \u00e0 ses clients un accompagnement \u00e0 haute valeur ajout\u00e9e fond\u00e9 sur la rigueur juridique, l\u2019ind\u00e9pendance et la proximit\u00e9 et \u00e0 ses associ\u00e9s et collaborateurs, un environnement de travail exigeant et \u00e9panouissant.<\/p><p><br><\/p><p>Sa pratique couvre l\u2019ensemble du droit des affaires, avec une expertise reconnue en droit des soci\u00e9t\u00e9s et en droit fiscal. Il intervient r\u00e9guli\u00e8rement dans des dossiers complexes, tant en conseil qu\u2019en contentieux, notamment dans le cadre de r\u00e9organisations, fusions et acquisitions de soci\u00e9t\u00e9s, de pactes ou de litiges entre actionnaires, de structurations patrimoniales et de fiscalit\u00e9.<\/p><p><br><\/p><p>Titulaire d\u2019une licence en droit de l\u2019Universit\u00e9 catholique de Louvain (magna cum laude, 1977) et d\u2019une licence en sciences \u00e9conomiques de la m\u00eame universit\u00e9 (magna cum laude, 1976), il est \u00e9galement titulaire d\u2019un LL.M. de l\u2019University of California, Berkeley.<\/p><p><br><\/p><p>Parall\u00e8lement \u00e0 sa carri\u00e8re d\u2019avocat, Philippe Malherbe a exerc\u00e9 de nombreuses charges d\u2019enseignement. Il est professeur honoraire \u00e0 l\u2019Universit\u00e9 catholique de Louvain, professeur invit\u00e9 \u00e0 l\u2019Universit\u00e9 Paris-Est Cr\u00e9teil, et fut pendant la dur\u00e9e maximale de cinq ans examinateur externe au King\u2019s College de Londres.<\/p><p><br><\/p><p>Auteur d\u2019un ouvrage d\u2019Introduction to International Income Taxation, co-auteur du Pr\u00e9cis de Droit des Soci\u00e9t\u00e9s, auteur ou co-auteur de nombreuses publications en droit fiscal et en droit des soci\u00e9t\u00e9s, il contribue activement \u00e0 la r\u00e9flexion doctrinale et \u00e0 l\u2019\u00e9volution de la pratique dans ces domaines.<\/p><p><br><\/p><p>Il parle fran\u00e7ais, n\u00e9erlandais et anglais ; il lit l\u2019allemand, l\u2019espagnol, l\u2019italien, le su\u00e9dois et le grec moderne, ainsi qu\u2019\u00e0 ses heures, le latin et le grec ancien.<\/p>\n<p><br><\/p>\n<p><br><\/p>\n<p><\/p>\t\t\t\t\t<\/div>\n\t\t\t\t\t\t<\/div>\n\t\t\t\t<\/div>\n\t\t\t\t\t\t<\/div>\n\t\t\t\t\t<\/div>\n\t\t<\/div>\n\t\t\t\t\t\t\t\t<\/div>\n\t\t\t\t\t<\/div>\n\t\t<\/section>\n\t\t\t\t\t\t<\/div>\n\t\t\t\t\t<\/div>\n\t\t<\/div>\n\t\t\t\t\t\t\t\t<\/div>\n\t\t\t\t\t<\/div>\n\t\t<\/section>\n\t\t\t\t<section class=\"elementor-section elementor-top-section elementor-element elementor-element-5980046 elementor-section-boxed elementor-section-height-default elementor-section-height-default\" data-id=\"5980046\" data-element_type=\"section\">\n\t\t\t\t\t\t<div class=\"elementor-container elementor-column-gap-default\">\n\t\t\t\t\t\t\t<div class=\"elementor-row\">\n\t\t\t\t\t<div class=\"elementor-column elementor-col-100 elementor-top-column elementor-element elementor-element-c101085\" data-id=\"c101085\" data-element_type=\"column\">\n\t\t\t<div class=\"elementor-column-wrap elementor-element-populated\">\n\t\t\t\t\t\t\t<div class=\"elementor-widget-wrap\">\n\t\t\t\t\t\t<div class=\"elementor-element elementor-element-db788c8 elementor-widget elementor-widget-spacer\" data-id=\"db788c8\" data-element_type=\"widget\" data-widget_type=\"spacer.default\">\n\t\t\t\t<div class=\"elementor-widget-container\">\n\t\t\t\t\t<div class=\"elementor-spacer\">\n\t\t\t<div class=\"elementor-spacer-inner\"><\/div>\n\t\t<\/div>\n\t\t\t\t<\/div>\n\t\t\t\t<\/div>\n\t\t\t\t\t\t<\/div>\n\t\t\t\t\t<\/div>\n\t\t<\/div>\n\t\t\t\t\t\t\t\t<\/div>\n\t\t\t\t\t<\/div>\n\t\t<\/section>\n\t\t\t\t\t\t\t\t\t<\/div>\n\t\t\t<\/div>\n\t\t\t\t\t<\/div>\n\t\t","protected":false},"excerpt":{"rendered":"<p>Philippe Malherbe Associ\u00e9 Fondateur\u00a0 Avocat au Barreau de Bruxelles\u00a0 LL.M., University of California Berkeley Lic.Ec.Sc., Universit\u00e9 catholique de Louvain Professeur \u00e0 l&rsquo;Universit\u00e9 catholique de Louvain Professeur invit\u00e9 \u00e0 l&rsquo;Universit\u00e9 Paris-Est Cr\u00e9teil Examinateur externe au King\u2019s College London \u00a0 pmalherbe@malherbe.law +32 (0) 2 535 77 96 +32 (0) 475 45 69 31 LinkedIn Publications Philippe Malherbe, [&hellip;]<\/p>\n","protected":false},"author":1,"featured_media":0,"parent":0,"menu_order":0,"comment_status":"closed","ping_status":"closed","template":"","meta":{"inline_featured_image":false},"_links":{"self":[{"href":"https:\/\/malherbe.law\/index.php\/wp-json\/wp\/v2\/pages\/2498"}],"collection":[{"href":"https:\/\/malherbe.law\/index.php\/wp-json\/wp\/v2\/pages"}],"about":[{"href":"https:\/\/malherbe.law\/index.php\/wp-json\/wp\/v2\/types\/page"}],"author":[{"embeddable":true,"href":"https:\/\/malherbe.law\/index.php\/wp-json\/wp\/v2\/users\/1"}],"replies":[{"embeddable":true,"href":"https:\/\/malherbe.law\/index.php\/wp-json\/wp\/v2\/comments?post=2498"}],"version-history":[{"count":39,"href":"https:\/\/malherbe.law\/index.php\/wp-json\/wp\/v2\/pages\/2498\/revisions"}],"predecessor-version":[{"id":5332,"href":"https:\/\/malherbe.law\/index.php\/wp-json\/wp\/v2\/pages\/2498\/revisions\/5332"}],"wp:attachment":[{"href":"https:\/\/malherbe.law\/index.php\/wp-json\/wp\/v2\/media?parent=2498"}],"curies":[{"name":"wp","href":"https:\/\/api.w.org\/{rel}","templated":true}]}}