{"id":239,"date":"2017-02-12T14:45:00","date_gmt":"2017-02-12T13:45:00","guid":{"rendered":"http:\/\/malherbe.law\/?page_id=239"},"modified":"2025-02-24T14:02:46","modified_gmt":"2025-02-24T13:02:46","slug":"honoraires","status":"publish","type":"page","link":"https:\/\/malherbe.law\/index.php\/honoraires\/","title":{"rendered":"Honoraires"},"content":{"rendered":"\t\t<div data-elementor-type=\"wp-page\" data-elementor-id=\"239\" class=\"elementor elementor-239\">\n\t\t\t\t\t\t<div class=\"elementor-inner\">\n\t\t\t\t<div class=\"elementor-section-wrap\">\n\t\t\t\t\t\t\t\t\t<section class=\"elementor-section elementor-top-section elementor-element elementor-element-5947f3c elementor-section-full_width elementor-section-height-default elementor-section-height-default\" data-id=\"5947f3c\" data-element_type=\"section\">\n\t\t\t\t\t\t<div class=\"elementor-container elementor-column-gap-wider\">\n\t\t\t\t\t\t\t<div class=\"elementor-row\">\n\t\t\t\t\t<div class=\"elementor-column elementor-col-100 elementor-top-column elementor-element elementor-element-7ecc854\" data-id=\"7ecc854\" data-element_type=\"column\">\n\t\t\t<div class=\"elementor-column-wrap elementor-element-populated\">\n\t\t\t\t\t\t\t<div class=\"elementor-widget-wrap\">\n\t\t\t\t\t\t<section class=\"elementor-section elementor-inner-section elementor-element elementor-element-e78f0d8 elementor-section-content-top elementor-section-boxed elementor-section-height-default elementor-section-height-default\" data-id=\"e78f0d8\" data-element_type=\"section\">\n\t\t\t\t\t\t<div class=\"elementor-container elementor-column-gap-default\">\n\t\t\t\t\t\t\t<div class=\"elementor-row\">\n\t\t\t\t\t<div class=\"elementor-column elementor-col-50 elementor-inner-column elementor-element elementor-element-ed1e82e\" data-id=\"ed1e82e\" data-element_type=\"column\">\n\t\t\t<div class=\"elementor-column-wrap elementor-element-populated\">\n\t\t\t\t\t\t\t<div class=\"elementor-widget-wrap\">\n\t\t\t\t\t\t<div class=\"elementor-element elementor-element-79c6b2e elementor-widget elementor-widget-image\" data-id=\"79c6b2e\" data-element_type=\"widget\" data-widget_type=\"image.default\">\n\t\t\t\t<div class=\"elementor-widget-container\">\n\t\t\t\t\t\t\t\t<div class=\"elementor-image\">\n\t\t\t\t\t\t\t\t\t\t\t\t<img width=\"634\" height=\"565\" src=\"https:\/\/malherbe.law\/wp-content\/uploads\/2021\/02\/Legal-Advice.png\" class=\"attachment-large size-large\" alt=\"\" loading=\"lazy\" srcset=\"https:\/\/malherbe.law\/wp-content\/uploads\/2021\/02\/Legal-Advice.png 640w, https:\/\/malherbe.law\/wp-content\/uploads\/2021\/02\/Legal-Advice-300x267.png 300w\" sizes=\"(max-width: 634px) 100vw, 634px\" \/>\t\t\t\t\t\t\t\t\t\t\t\t\t\t<\/div>\n\t\t\t\t\t\t<\/div>\n\t\t\t\t<\/div>\n\t\t\t\t\t\t<\/div>\n\t\t\t\t\t<\/div>\n\t\t<\/div>\n\t\t\t\t<div class=\"elementor-column elementor-col-50 elementor-inner-column elementor-element elementor-element-296e0d7\" data-id=\"296e0d7\" data-element_type=\"column\">\n\t\t\t<div class=\"elementor-column-wrap elementor-element-populated\">\n\t\t\t\t\t\t\t<div class=\"elementor-widget-wrap\">\n\t\t\t\t\t\t<div class=\"elementor-element elementor-element-e1fda96 elementor-widget elementor-widget-heading\" data-id=\"e1fda96\" data-element_type=\"widget\" data-widget_type=\"heading.default\">\n\t\t\t\t<div class=\"elementor-widget-container\">\n\t\t\t<h3 class=\"elementor-heading-title elementor-size-default\">Honoraires <\/h3>\t\t<\/div>\n\t\t\t\t<\/div>\n\t\t\t\t<div class=\"elementor-element elementor-element-c32d858 elementor-widget elementor-widget-text-editor\" data-id=\"c32d858\" data-element_type=\"widget\" data-widget_type=\"text-editor.default\">\n\t\t\t\t<div class=\"elementor-widget-container\">\n\t\t\t\t\t\t\t\t<div class=\"elementor-text-editor elementor-clearfix\">\n\t\t\t\t<p style=\"font-style: normal; font-variant-ligatures: normal; font-variant-caps: normal; font-weight: 400; font-size: 17px; font-family: Roboto, sans-serif; color: #190be3; text-align: left;\"><span style=\"color: #000000;\">Nous croyons aux honoraires correspondant \u00e0 la valeur du service.\u00a0<\/span><\/p><p style=\"font-style: normal; font-variant-ligatures: normal; font-variant-caps: normal; font-weight: 400; font-size: 17px; font-family: Roboto, sans-serif; color: #190be3; text-align: left;\"><span style=\"color: #000000;\">\u00a0<\/span><\/p><p style=\"font-style: normal; font-variant-ligatures: normal; font-variant-caps: normal; font-weight: 400; font-size: 17px; font-family: Roboto, sans-serif; color: #190be3; text-align: left;\"><span style=\"color: #000000;\">Nous pratiquons g\u00e9n\u00e9ralement des tarifs horaires mais, lorsque cela para\u00eet plus appropri\u00e9, nous proposons des arrangements alternatifs.\u00a0<\/span><\/p><p style=\"font-style: normal; font-variant-ligatures: normal; font-variant-caps: normal; font-weight: 400; font-size: 17px; font-family: Roboto, sans-serif; color: #190be3; text-align: left;\"><span style=\"color: #000000;\">\u00a0<\/span><\/p><p style=\"font-style: normal; font-variant-ligatures: normal; font-variant-caps: normal; font-weight: 400; font-size: 17px; font-family: Roboto, sans-serif; color: #190be3; text-align: left;\"><span style=\"color: #000000;\">T\u00e9l\u00e9chargez ici nos conditions g\u00e9n\u00e9rales en\u00a0<\/span><a style=\"font-style: normal; font-variant-ligatures: normal; font-variant-caps: normal; font-weight: 400; font-size: 17px; font-family: Roboto, sans-serif;\" href=\"https:\/\/malherbe.law\/wp-content\/uploads\/2025\/02\/malherbe-Conditions-Generales-2025.pdf\" target=\"_blank\" rel=\"noopener\"><u><span style=\"color: #0000ff;\">Fran\u00e7ais<\/span><\/u><\/a><span style=\"color: #0000ff;\">,\u00a0<\/span><span style=\"color: #0000ff;\"><u><a style=\"font-style: normal; font-variant-ligatures: normal; font-variant-caps: normal; font-weight: 400; font-size: 17px; font-family: Roboto, sans-serif;\" href=\"https:\/\/malherbe.law\/wp-content\/uploads\/2025\/02\/malherbe-Algemene-Voorwaarden-2025.pdf\" target=\"_blank\" rel=\"noopener\"><span style=\"color: #0000ff;\">N\u00e9erlandais<\/span><\/a><\/u><\/span><span style=\"color: var( --e-global-color-primary );\">\u00a0ou\u00a0<a style=\"font-style: normal; font-variant-ligatures: normal; font-variant-caps: normal; font-weight: 400; font-size: 17px; font-family: Roboto, sans-serif;\" href=\"https:\/\/malherbe.law\/wp-content\/uploads\/2025\/02\/malherbe-General-Terms-2025.pdf\" target=\"_blank\" rel=\"noopener\"><u><span style=\"color: #0000ff;\">Anglais<\/span><\/u><span style=\"color: #0000ff;\">.<\/span><\/a><\/span><\/p><p style=\"font-style: normal; font-variant-ligatures: normal; font-variant-caps: normal; font-weight: 400; font-size: 17px; font-family: Roboto, sans-serif; color: #190be3; text-align: left;\"><span style=\"color: #000000;\">\u00a0<\/span><\/p><p style=\"font-style: normal; font-variant-ligatures: normal; font-variant-caps: normal; font-weight: 400; font-size: 17px; font-family: Roboto, sans-serif; color: #190be3; text-align: left;\"><span style=\"color: #000000;\">T\u00e9l\u00e9chargez ici notre protocole relatif \u00e0 la protection des donn\u00e9es en\u00a0<a style=\"font-style: normal; font-variant-ligatures: normal; font-variant-caps: normal; font-weight: 400; font-size: 17px; font-family: Roboto, sans-serif;\" href=\"https:\/\/malherbe.law\/wp-content\/uploads\/2022\/02\/malherbe-Donnees-personnelles-2022.pdf\" target=\"_blank\" rel=\"noopener\"><u><span style=\"color: #0000ff;\">Fran\u00e7ais<\/span><\/u><\/a><\/span><u>,<\/u>\u00a0<u><span style=\"color: #0000ff;\"><a style=\"font-style: normal; font-variant-ligatures: normal; font-variant-caps: normal; font-weight: 400; font-size: 17px; font-family: Roboto, sans-serif;\" href=\"https:\/\/malherbe.law\/wp-content\/uploads\/2022\/01\/malherbe-persoonsgegevens-2022-1.pdf\" target=\"_blank\" rel=\"noopener\"><span style=\"color: #0000ff;\">N\u00e9erlandais<\/span><\/a><\/span><\/u><span style=\"font-style: normal; font-variant-ligatures: normal; font-variant-caps: normal; font-weight: 400; font-size: 17px; font-family: Roboto, sans-serif; color: var( --e-global-color-primary );\">\u00a0<\/span><span style=\"font-style: normal; font-variant-ligatures: normal; font-variant-caps: normal; font-weight: 400; font-size: 17px; font-family: Roboto, sans-serif; color: var( --e-global-color-primary );\">ou\u00a0<span style=\"color: var( --e-global-color-primary );\"><a style=\"font-style: normal; font-variant-ligatures: normal; font-variant-caps: normal; font-weight: 400; font-size: 17px; font-family: Roboto, sans-serif;\" href=\"https:\/\/malherbe.law\/wp-content\/uploads\/2022\/01\/Malherbe-Personal-Data-2022-1.pdf\" target=\"_blank\" rel=\"noopener\"><u><span style=\"color: #0000ff;\">Anglais<\/span><\/u><\/a>.<\/span><\/span><\/p>\t\t\t\t\t<\/div>\n\t\t\t\t\t\t<\/div>\n\t\t\t\t<\/div>\n\t\t\t\t\t\t<\/div>\n\t\t\t\t\t<\/div>\n\t\t<\/div>\n\t\t\t\t\t\t\t\t<\/div>\n\t\t\t\t\t<\/div>\n\t\t<\/section>\n\t\t\t\t\t\t<\/div>\n\t\t\t\t\t<\/div>\n\t\t<\/div>\n\t\t\t\t\t\t\t\t<\/div>\n\t\t\t\t\t<\/div>\n\t\t<\/section>\n\t\t\t\t\t\t\t\t\t<\/div>\n\t\t\t<\/div>\n\t\t\t\t\t<\/div>\n\t\t","protected":false},"excerpt":{"rendered":"<p>Honoraires Nous croyons aux honoraires correspondant \u00e0 la valeur du service.\u00a0 \u00a0 Nous pratiquons g\u00e9n\u00e9ralement des tarifs horaires mais, lorsque cela para\u00eet plus appropri\u00e9, nous proposons des arrangements alternatifs.\u00a0 \u00a0 T\u00e9l\u00e9chargez ici nos conditions g\u00e9n\u00e9rales en\u00a0Fran\u00e7ais,\u00a0N\u00e9erlandais\u00a0ou\u00a0Anglais. \u00a0 T\u00e9l\u00e9chargez ici notre protocole relatif \u00e0 la protection des donn\u00e9es en\u00a0Fran\u00e7ais,\u00a0N\u00e9erlandais\u00a0ou\u00a0Anglais.<\/p>\n","protected":false},"author":1,"featured_media":0,"parent":0,"menu_order":0,"comment_status":"closed","ping_status":"closed","template":"","meta":{"inline_featured_image":false},"_links":{"self":[{"href":"https:\/\/malherbe.law\/index.php\/wp-json\/wp\/v2\/pages\/239"}],"collection":[{"href":"https:\/\/malherbe.law\/index.php\/wp-json\/wp\/v2\/pages"}],"about":[{"href":"https:\/\/malherbe.law\/index.php\/wp-json\/wp\/v2\/types\/page"}],"author":[{"embeddable":true,"href":"https:\/\/malherbe.law\/index.php\/wp-json\/wp\/v2\/users\/1"}],"replies":[{"embeddable":true,"href":"https:\/\/malherbe.law\/index.php\/wp-json\/wp\/v2\/comments?post=239"}],"version-history":[{"count":67,"href":"https:\/\/malherbe.law\/index.php\/wp-json\/wp\/v2\/pages\/239\/revisions"}],"predecessor-version":[{"id":5095,"href":"https:\/\/malherbe.law\/index.php\/wp-json\/wp\/v2\/pages\/239\/revisions\/5095"}],"wp:attachment":[{"href":"https:\/\/malherbe.law\/index.php\/wp-json\/wp\/v2\/media?parent=239"}],"curies":[{"name":"wp","href":"https:\/\/api.w.org\/{rel}","templated":true}]}}